{"id":507,"date":"2024-04-12T18:38:51","date_gmt":"2024-04-12T16:38:51","guid":{"rendered":"https:\/\/immofinance.pl\/?page_id=507"},"modified":"2024-04-16T16:10:36","modified_gmt":"2024-04-16T14:10:36","slug":"hipoteczny","status":"publish","type":"page","link":"https:\/\/immofinance.pl\/index.php\/hipoteczny\/","title":{"rendered":"hipoteczny"},"content":{"rendered":"\t\t<div data-elementor-type=\"wp-page\" data-elementor-id=\"507\" class=\"elementor elementor-507\" data-elementor-post-type=\"page\">\n\t\t\t\t<div class=\"elementor-element elementor-element-3289a0d7 e-con-full e-flex e-con e-parent\" data-id=\"3289a0d7\" data-element_type=\"container\">\n\t\t\t\t<div class=\"elementor-element elementor-element-12c54f15 elementor-widget elementor-widget-theme-site-logo elementor-widget-image\" data-id=\"12c54f15\" data-element_type=\"widget\" data-widget_type=\"theme-site-logo.default\">\n\t\t\t\t<div class=\"elementor-widget-container\">\n\t\t\t\t\t\t\t\t\t\t\t<a href=\"https:\/\/immofinance.pl\">\n\t\t\t<img decoding=\"async\" width=\"243\" height=\"38\" src=\"https:\/\/immofinance.pl\/wp-content\/uploads\/2024\/04\/Asset-1-2.png\" class=\"attachment-full size-full wp-image-308\" alt=\"\" \/>\t\t\t\t<\/a>\n\t\t\t\t\t\t\t\t\t\t\t<\/div>\n\t\t\t\t<\/div>\n\t\t\t\t<div class=\"elementor-element elementor-element-a345f5d elementor-nav-menu__align-center elementor-nav-menu--dropdown-tablet elementor-nav-menu__text-align-aside elementor-nav-menu--toggle elementor-nav-menu--burger elementor-widget elementor-widget-nav-menu\" data-id=\"a345f5d\" data-element_type=\"widget\" data-settings=\"{&quot;layout&quot;:&quot;horizontal&quot;,&quot;submenu_icon&quot;:{&quot;value&quot;:&quot;&lt;svg class=\\&quot;e-font-icon-svg e-fas-caret-down\\&quot; viewBox=\\&quot;0 0 320 512\\&quot; xmlns=\\&quot;http:\\\/\\\/www.w3.org\\\/2000\\\/svg\\&quot;&gt;&lt;path d=\\&quot;M31.3 192h257.3c17.8 0 26.7 21.5 14.1 34.1L174.1 354.8c-7.8 7.8-20.5 7.8-28.3 0L17.2 226.1C4.6 213.5 13.5 192 31.3 192z\\&quot;&gt;&lt;\\\/path&gt;&lt;\\\/svg&gt;&quot;,&quot;library&quot;:&quot;fa-solid&quot;},&quot;toggle&quot;:&quot;burger&quot;}\" data-widget_type=\"nav-menu.default\">\n\t\t\t\t<div class=\"elementor-widget-container\">\n\t\t\t\t\t\t\t\t<nav aria-label=\"Menu\" class=\"elementor-nav-menu--main elementor-nav-menu__container elementor-nav-menu--layout-horizontal e--pointer-underline e--animation-fade\">\n\t\t\t\t<ul id=\"menu-1-a345f5d\" class=\"elementor-nav-menu\"><li class=\"menu-item menu-item-type-post_type menu-item-object-page menu-item-551\"><a href=\"https:\/\/immofinance.pl\/index.php\/kredyt-mieszkaniowy\/\" class=\"elementor-item\">Kredyt mieszkaniowy<\/a><\/li>\n<li class=\"menu-item menu-item-type-post_type menu-item-object-page menu-item-550\"><a href=\"https:\/\/immofinance.pl\/index.php\/pierwsze-mieszkanie\/\" class=\"elementor-item\">Pierwsze mieszkanie<\/a><\/li>\n<li class=\"menu-item menu-item-type-post_type menu-item-object-page menu-item-549\"><a href=\"https:\/\/immofinance.pl\/index.php\/refinansowanie\/\" class=\"elementor-item\">Refinansowanie kredytu<\/a><\/li>\n<li class=\"menu-item menu-item-type-post_type menu-item-object-page menu-item-548\"><a href=\"https:\/\/immofinance.pl\/index.php\/rozwodowy\/\" class=\"elementor-item\">Kredyt rozwodowy<\/a><\/li>\n<li class=\"menu-item menu-item-type-post_type menu-item-object-page menu-item-547\"><a href=\"https:\/\/immofinance.pl\/index.php\/hipoteczny\/\" class=\"elementor-item\">Po\u017cyczka hipoteczna<\/a><\/li>\n<li class=\"menu-item menu-item-type-post_type menu-item-object-page menu-item-546\"><a href=\"https:\/\/immofinance.pl\/index.php\/konsolidacyjny\/\" class=\"elementor-item\">Kredyt konsolidacyjny<\/a><\/li>\n<li class=\"menu-item menu-item-type-post_type menu-item-object-page menu-item-545\"><a href=\"https:\/\/immofinance.pl\/index.php\/gotowkowy\/\" class=\"elementor-item\">Kredyt got\u00f3wkowy<\/a><\/li>\n<li class=\"menu-item menu-item-type-post_type menu-item-object-page menu-item-544\"><a href=\"https:\/\/immofinance.pl\/index.php\/uzytkowe\/\" class=\"elementor-item\">Lokale u\u017cytkowe<\/a><\/li>\n<li class=\"menu-item menu-item-type-post_type menu-item-object-page menu-item-543\"><a href=\"https:\/\/immofinance.pl\/index.php\/ubezpieczenia\/\" class=\"elementor-item\">Ubezpieczenia<\/a><\/li>\n<\/ul>\t\t\t<\/nav>\n\t\t\t\t\t<div class=\"elementor-menu-toggle\" role=\"button\" tabindex=\"0\" aria-label=\"Menu Toggle\" aria-expanded=\"false\">\n\t\t\t<svg aria-hidden=\"true\" role=\"presentation\" class=\"elementor-menu-toggle__icon--open e-font-icon-svg e-eicon-menu-bar\" viewBox=\"0 0 1000 1000\" xmlns=\"http:\/\/www.w3.org\/2000\/svg\"><path d=\"M104 333H896C929 333 958 304 958 271S929 208 896 208H104C71 208 42 237 42 271S71 333 104 333ZM104 583H896C929 583 958 554 958 521S929 458 896 458H104C71 458 42 487 42 521S71 583 104 583ZM104 833H896C929 833 958 804 958 771S929 708 896 708H104C71 708 42 737 42 771S71 833 104 833Z\"><\/path><\/svg><svg aria-hidden=\"true\" role=\"presentation\" class=\"elementor-menu-toggle__icon--close e-font-icon-svg e-eicon-close\" viewBox=\"0 0 1000 1000\" xmlns=\"http:\/\/www.w3.org\/2000\/svg\"><path d=\"M742 167L500 408 258 167C246 154 233 150 217 150 196 150 179 158 167 167 154 179 150 196 150 212 150 229 154 242 171 254L408 500 167 742C138 771 138 800 167 829 196 858 225 858 254 829L496 587 738 829C750 842 767 846 783 846 800 846 817 842 829 829 842 817 846 804 846 783 846 767 842 750 829 737L588 500 833 258C863 229 863 200 833 171 804 137 775 137 742 167Z\"><\/path><\/svg>\t\t<\/div>\n\t\t\t\t\t<nav class=\"elementor-nav-menu--dropdown elementor-nav-menu__container\" aria-hidden=\"true\">\n\t\t\t\t<ul id=\"menu-2-a345f5d\" class=\"elementor-nav-menu\"><li class=\"menu-item menu-item-type-post_type menu-item-object-page menu-item-551\"><a href=\"https:\/\/immofinance.pl\/index.php\/kredyt-mieszkaniowy\/\" class=\"elementor-item\" tabindex=\"-1\">Kredyt mieszkaniowy<\/a><\/li>\n<li class=\"menu-item menu-item-type-post_type menu-item-object-page menu-item-550\"><a href=\"https:\/\/immofinance.pl\/index.php\/pierwsze-mieszkanie\/\" class=\"elementor-item\" tabindex=\"-1\">Pierwsze mieszkanie<\/a><\/li>\n<li class=\"menu-item menu-item-type-post_type menu-item-object-page menu-item-549\"><a href=\"https:\/\/immofinance.pl\/index.php\/refinansowanie\/\" class=\"elementor-item\" tabindex=\"-1\">Refinansowanie kredytu<\/a><\/li>\n<li class=\"menu-item menu-item-type-post_type menu-item-object-page menu-item-548\"><a href=\"https:\/\/immofinance.pl\/index.php\/rozwodowy\/\" class=\"elementor-item\" tabindex=\"-1\">Kredyt rozwodowy<\/a><\/li>\n<li class=\"menu-item menu-item-type-post_type menu-item-object-page menu-item-547\"><a href=\"https:\/\/immofinance.pl\/index.php\/hipoteczny\/\" class=\"elementor-item\" tabindex=\"-1\">Po\u017cyczka hipoteczna<\/a><\/li>\n<li class=\"menu-item menu-item-type-post_type menu-item-object-page menu-item-546\"><a href=\"https:\/\/immofinance.pl\/index.php\/konsolidacyjny\/\" class=\"elementor-item\" tabindex=\"-1\">Kredyt konsolidacyjny<\/a><\/li>\n<li class=\"menu-item menu-item-type-post_type menu-item-object-page menu-item-545\"><a href=\"https:\/\/immofinance.pl\/index.php\/gotowkowy\/\" class=\"elementor-item\" tabindex=\"-1\">Kredyt got\u00f3wkowy<\/a><\/li>\n<li class=\"menu-item menu-item-type-post_type menu-item-object-page menu-item-544\"><a href=\"https:\/\/immofinance.pl\/index.php\/uzytkowe\/\" class=\"elementor-item\" tabindex=\"-1\">Lokale u\u017cytkowe<\/a><\/li>\n<li class=\"menu-item menu-item-type-post_type menu-item-object-page menu-item-543\"><a href=\"https:\/\/immofinance.pl\/index.php\/ubezpieczenia\/\" class=\"elementor-item\" tabindex=\"-1\">Ubezpieczenia<\/a><\/li>\n<\/ul>\t\t\t<\/nav>\n\t\t\t\t\t\t<\/div>\n\t\t\t\t<\/div>\n\t\t\t\t<\/div>\n\t\t<div class=\"elementor-element elementor-element-6cffe67b e-flex e-con-boxed e-con e-parent\" data-id=\"6cffe67b\" data-element_type=\"container\">\n\t\t\t\t\t<div class=\"e-con-inner\">\n\t\t<div class=\"elementor-element elementor-element-269275f2 e-flex e-con-boxed e-con e-child\" data-id=\"269275f2\" data-element_type=\"container\">\n\t\t\t\t\t<div class=\"e-con-inner\">\n\t\t\t\t<div class=\"elementor-element elementor-element-60c8304f elementor-widget elementor-widget-heading\" data-id=\"60c8304f\" data-element_type=\"widget\" data-widget_type=\"heading.default\">\n\t\t\t\t<div class=\"elementor-widget-container\">\n\t\t\t\t\t<h2 class=\"elementor-heading-title elementor-size-default\">Po\u017cyczka Hipoteczna<\/h2>\t\t\t\t<\/div>\n\t\t\t\t<\/div>\n\t\t\t\t<div class=\"elementor-element elementor-element-d19deb0 elementor-widget elementor-widget-text-editor\" data-id=\"d19deb0\" data-element_type=\"widget\" data-widget_type=\"text-editor.default\">\n\t\t\t\t<div class=\"elementor-widget-container\">\n\t\t\t\t\t\t\t\t\t<p>Potrzebujesz wi\u0119kszej got\u00f3wki by zrealizowa\u0107 swoje pomys\u0142y, projekty. Obawiasz si\u0119 jednak, \u017ce nie znajdziesz odwa\u017cnego banku, kt\u00f3ry po\u017cyczy Ci na spe\u0142nienie marze\u0144.<\/p><p><strong>Niepotrzebnie si\u0119 martwisz.<\/strong><\/p><p>Po prostu policz, ile potrzebujesz. Nie musisz t\u0142umaczy\u0107, na jakie cele przeznaczasz kredyt. Spotkaj si\u0119 z naszymi ekspertami i wype\u0142nij stosowny wniosek.<\/p>\t\t\t\t\t\t\t\t<\/div>\n\t\t\t\t<\/div>\n\t\t\t\t<div class=\"elementor-element elementor-element-60ea8a9 elementor-mobile-align-center elementor-widget elementor-widget-button\" data-id=\"60ea8a9\" data-element_type=\"widget\" data-widget_type=\"button.default\">\n\t\t\t\t<div class=\"elementor-widget-container\">\n\t\t\t\t\t\t\t\t\t<div class=\"elementor-button-wrapper\">\n\t\t\t\t\t<a class=\"elementor-button elementor-button-link elementor-size-sm\" href=\"\/#kontakt\">\n\t\t\t\t\t\t<span class=\"elementor-button-content-wrapper\">\n\t\t\t\t\t\t\t\t\t<span class=\"elementor-button-text\">Zadzwo\u0144<\/span>\n\t\t\t\t\t<\/span>\n\t\t\t\t\t<\/a>\n\t\t\t\t<\/div>\n\t\t\t\t\t\t\t\t<\/div>\n\t\t\t\t<\/div>\n\t\t\t\t\t<\/div>\n\t\t\t\t<\/div>\n\t\t<div class=\"elementor-element elementor-element-3acea97f e-flex e-con-boxed e-con e-child\" data-id=\"3acea97f\" data-element_type=\"container\">\n\t\t\t\t\t<div class=\"e-con-inner\">\n\t\t\t\t<div class=\"elementor-element elementor-element-65ae0b68 elementor-widget elementor-widget-image\" data-id=\"65ae0b68\" data-element_type=\"widget\" data-widget_type=\"image.default\">\n\t\t\t\t<div class=\"elementor-widget-container\">\n\t\t\t\t\t\t\t\t\t\t\t\t\t\t\t<img fetchpriority=\"high\" decoding=\"async\" width=\"800\" height=\"534\" src=\"https:\/\/immofinance.pl\/wp-content\/uploads\/2024\/04\/rmb-coins-stacked-front-housing-model-house-prices-house-buying-real-estate-mortgage-concept2-1-1024x683.jpeg\" class=\"attachment-large size-large wp-image-289\" alt=\"\" srcset=\"https:\/\/immofinance.pl\/wp-content\/uploads\/2024\/04\/rmb-coins-stacked-front-housing-model-house-prices-house-buying-real-estate-mortgage-concept2-1-1024x683.jpeg 1024w, https:\/\/immofinance.pl\/wp-content\/uploads\/2024\/04\/rmb-coins-stacked-front-housing-model-house-prices-house-buying-real-estate-mortgage-concept2-1-300x200.jpeg 300w, https:\/\/immofinance.pl\/wp-content\/uploads\/2024\/04\/rmb-coins-stacked-front-housing-model-house-prices-house-buying-real-estate-mortgage-concept2-1-768x512.jpeg 768w, https:\/\/immofinance.pl\/wp-content\/uploads\/2024\/04\/rmb-coins-stacked-front-housing-model-house-prices-house-buying-real-estate-mortgage-concept2-1-1536x1024.jpeg 1536w, https:\/\/immofinance.pl\/wp-content\/uploads\/2024\/04\/rmb-coins-stacked-front-housing-model-house-prices-house-buying-real-estate-mortgage-concept2-1-2048x1365.jpeg 2048w\" sizes=\"(max-width: 800px) 100vw, 800px\" \/>\t\t\t\t\t\t\t\t\t\t\t\t\t\t\t<\/div>\n\t\t\t\t<\/div>\n\t\t\t\t\t<\/div>\n\t\t\t\t<\/div>\n\t\t\t\t\t<\/div>\n\t\t\t\t<\/div>\n\t\t\t\t<\/div>\n\t\t","protected":false},"excerpt":{"rendered":"<p>Po\u017cyczka Hipoteczna Potrzebujesz wi\u0119kszej got\u00f3wki by zrealizowa\u0107 swoje pomys\u0142y, projekty. Obawiasz si\u0119 jednak, \u017ce nie znajdziesz odwa\u017cnego banku, kt\u00f3ry po\u017cyczy Ci na spe\u0142nienie marze\u0144. Niepotrzebnie si\u0119 martwisz. Po prostu policz, ile potrzebujesz. Nie musisz t\u0142umaczy\u0107, na jakie cele przeznaczasz kredyt. Spotkaj si\u0119 z naszymi ekspertami i wype\u0142nij stosowny wniosek. Zadzwo\u0144<\/p>\n","protected":false},"author":1,"featured_media":0,"parent":0,"menu_order":0,"comment_status":"closed","ping_status":"closed","template":"","meta":{"footnotes":""},"class_list":["post-507","page","type-page","status-publish","hentry"],"_links":{"self":[{"href":"https:\/\/immofinance.pl\/index.php\/wp-json\/wp\/v2\/pages\/507"}],"collection":[{"href":"https:\/\/immofinance.pl\/index.php\/wp-json\/wp\/v2\/pages"}],"about":[{"href":"https:\/\/immofinance.pl\/index.php\/wp-json\/wp\/v2\/types\/page"}],"author":[{"embeddable":true,"href":"https:\/\/immofinance.pl\/index.php\/wp-json\/wp\/v2\/users\/1"}],"replies":[{"embeddable":true,"href":"https:\/\/immofinance.pl\/index.php\/wp-json\/wp\/v2\/comments?post=507"}],"version-history":[{"count":19,"href":"https:\/\/immofinance.pl\/index.php\/wp-json\/wp\/v2\/pages\/507\/revisions"}],"predecessor-version":[{"id":756,"href":"https:\/\/immofinance.pl\/index.php\/wp-json\/wp\/v2\/pages\/507\/revisions\/756"}],"wp:attachment":[{"href":"https:\/\/immofinance.pl\/index.php\/wp-json\/wp\/v2\/media?parent=507"}],"curies":[{"name":"wp","href":"https:\/\/api.w.org\/{rel}","templated":true}]}}