{"id":513,"date":"2024-04-12T18:40:43","date_gmt":"2024-04-12T16:40:43","guid":{"rendered":"https:\/\/immofinance.pl\/?page_id=513"},"modified":"2024-04-16T16:10:53","modified_gmt":"2024-04-16T14:10:53","slug":"konsolidacyjny","status":"publish","type":"page","link":"https:\/\/immofinance.pl\/index.php\/konsolidacyjny\/","title":{"rendered":"konsolidacyjny"},"content":{"rendered":"\t\t<div data-elementor-type=\"wp-page\" data-elementor-id=\"513\" class=\"elementor elementor-513\" data-elementor-post-type=\"page\">\n\t\t\t\t<div class=\"elementor-element elementor-element-6b42d9d0 e-con-full e-flex e-con e-parent\" data-id=\"6b42d9d0\" data-element_type=\"container\" data-e-type=\"container\">\n\t\t\t\t<div class=\"elementor-element elementor-element-71ae3821 elementor-widget elementor-widget-theme-site-logo elementor-widget-image\" data-id=\"71ae3821\" data-element_type=\"widget\" data-e-type=\"widget\" data-widget_type=\"theme-site-logo.default\">\n\t\t\t\t<div class=\"elementor-widget-container\">\n\t\t\t\t\t\t\t\t\t\t\t<a href=\"https:\/\/immofinance.pl\">\n\t\t\t<img decoding=\"async\" width=\"243\" height=\"38\" src=\"https:\/\/immofinance.pl\/wp-content\/uploads\/2024\/04\/Asset-1-2.png\" class=\"attachment-full size-full wp-image-308\" alt=\"\" \/>\t\t\t\t<\/a>\n\t\t\t\t\t\t\t\t\t\t\t<\/div>\n\t\t\t\t<\/div>\n\t\t\t\t<div class=\"elementor-element elementor-element-57319af4 elementor-nav-menu__align-center elementor-nav-menu--dropdown-tablet elementor-nav-menu__text-align-aside elementor-nav-menu--toggle elementor-nav-menu--burger elementor-widget elementor-widget-nav-menu\" data-id=\"57319af4\" data-element_type=\"widget\" data-e-type=\"widget\" data-settings=\"{&quot;layout&quot;:&quot;horizontal&quot;,&quot;submenu_icon&quot;:{&quot;value&quot;:&quot;&lt;svg class=\\&quot;e-font-icon-svg e-fas-caret-down\\&quot; viewBox=\\&quot;0 0 320 512\\&quot; xmlns=\\&quot;http:\\\/\\\/www.w3.org\\\/2000\\\/svg\\&quot;&gt;&lt;path d=\\&quot;M31.3 192h257.3c17.8 0 26.7 21.5 14.1 34.1L174.1 354.8c-7.8 7.8-20.5 7.8-28.3 0L17.2 226.1C4.6 213.5 13.5 192 31.3 192z\\&quot;&gt;&lt;\\\/path&gt;&lt;\\\/svg&gt;&quot;,&quot;library&quot;:&quot;fa-solid&quot;},&quot;toggle&quot;:&quot;burger&quot;}\" data-widget_type=\"nav-menu.default\">\n\t\t\t\t<div class=\"elementor-widget-container\">\n\t\t\t\t\t\t\t\t<nav aria-label=\"Menu\" class=\"elementor-nav-menu--main elementor-nav-menu__container elementor-nav-menu--layout-horizontal e--pointer-underline e--animation-fade\">\n\t\t\t\t<ul id=\"menu-1-57319af4\" class=\"elementor-nav-menu\"><li class=\"menu-item menu-item-type-post_type menu-item-object-page menu-item-551\"><a href=\"https:\/\/immofinance.pl\/index.php\/kredyt-mieszkaniowy\/\" class=\"elementor-item\">Kredyt mieszkaniowy<\/a><\/li>\n<li class=\"menu-item menu-item-type-post_type menu-item-object-page menu-item-550\"><a href=\"https:\/\/immofinance.pl\/index.php\/pierwsze-mieszkanie\/\" class=\"elementor-item\">Pierwsze mieszkanie<\/a><\/li>\n<li class=\"menu-item menu-item-type-post_type menu-item-object-page menu-item-549\"><a href=\"https:\/\/immofinance.pl\/index.php\/refinansowanie\/\" class=\"elementor-item\">Refinansowanie kredytu<\/a><\/li>\n<li class=\"menu-item menu-item-type-post_type menu-item-object-page menu-item-548\"><a href=\"https:\/\/immofinance.pl\/index.php\/rozwodowy\/\" class=\"elementor-item\">Kredyt rozwodowy<\/a><\/li>\n<li class=\"menu-item menu-item-type-post_type menu-item-object-page menu-item-547\"><a href=\"https:\/\/immofinance.pl\/index.php\/hipoteczny\/\" class=\"elementor-item\">Po\u017cyczka hipoteczna<\/a><\/li>\n<li class=\"menu-item menu-item-type-post_type menu-item-object-page menu-item-546\"><a href=\"https:\/\/immofinance.pl\/index.php\/konsolidacyjny\/\" class=\"elementor-item\">Kredyt konsolidacyjny<\/a><\/li>\n<li class=\"menu-item menu-item-type-post_type menu-item-object-page menu-item-545\"><a href=\"https:\/\/immofinance.pl\/index.php\/gotowkowy\/\" class=\"elementor-item\">Kredyt got\u00f3wkowy<\/a><\/li>\n<li class=\"menu-item menu-item-type-post_type menu-item-object-page menu-item-544\"><a href=\"https:\/\/immofinance.pl\/index.php\/uzytkowe\/\" class=\"elementor-item\">Lokale u\u017cytkowe<\/a><\/li>\n<li class=\"menu-item menu-item-type-post_type menu-item-object-page menu-item-543\"><a href=\"https:\/\/immofinance.pl\/index.php\/ubezpieczenia\/\" class=\"elementor-item\">Ubezpieczenia<\/a><\/li>\n<\/ul>\t\t\t<\/nav>\n\t\t\t\t\t<div class=\"elementor-menu-toggle\" role=\"button\" tabindex=\"0\" aria-label=\"Menu Toggle\" aria-expanded=\"false\">\n\t\t\t<svg aria-hidden=\"true\" role=\"presentation\" class=\"elementor-menu-toggle__icon--open e-font-icon-svg e-eicon-menu-bar\" viewBox=\"0 0 1000 1000\" xmlns=\"http:\/\/www.w3.org\/2000\/svg\"><path d=\"M104 333H896C929 333 958 304 958 271S929 208 896 208H104C71 208 42 237 42 271S71 333 104 333ZM104 583H896C929 583 958 554 958 521S929 458 896 458H104C71 458 42 487 42 521S71 583 104 583ZM104 833H896C929 833 958 804 958 771S929 708 896 708H104C71 708 42 737 42 771S71 833 104 833Z\"><\/path><\/svg><svg aria-hidden=\"true\" role=\"presentation\" class=\"elementor-menu-toggle__icon--close e-font-icon-svg e-eicon-close\" viewBox=\"0 0 1000 1000\" xmlns=\"http:\/\/www.w3.org\/2000\/svg\"><path d=\"M742 167L500 408 258 167C246 154 233 150 217 150 196 150 179 158 167 167 154 179 150 196 150 212 150 229 154 242 171 254L408 500 167 742C138 771 138 800 167 829 196 858 225 858 254 829L496 587 738 829C750 842 767 846 783 846 800 846 817 842 829 829 842 817 846 804 846 783 846 767 842 750 829 737L588 500 833 258C863 229 863 200 833 171 804 137 775 137 742 167Z\"><\/path><\/svg>\t\t<\/div>\n\t\t\t\t\t<nav class=\"elementor-nav-menu--dropdown elementor-nav-menu__container\" aria-hidden=\"true\">\n\t\t\t\t<ul id=\"menu-2-57319af4\" class=\"elementor-nav-menu\"><li class=\"menu-item menu-item-type-post_type menu-item-object-page menu-item-551\"><a href=\"https:\/\/immofinance.pl\/index.php\/kredyt-mieszkaniowy\/\" class=\"elementor-item\" tabindex=\"-1\">Kredyt mieszkaniowy<\/a><\/li>\n<li class=\"menu-item menu-item-type-post_type menu-item-object-page menu-item-550\"><a href=\"https:\/\/immofinance.pl\/index.php\/pierwsze-mieszkanie\/\" class=\"elementor-item\" tabindex=\"-1\">Pierwsze mieszkanie<\/a><\/li>\n<li class=\"menu-item menu-item-type-post_type menu-item-object-page menu-item-549\"><a href=\"https:\/\/immofinance.pl\/index.php\/refinansowanie\/\" class=\"elementor-item\" tabindex=\"-1\">Refinansowanie kredytu<\/a><\/li>\n<li class=\"menu-item menu-item-type-post_type menu-item-object-page menu-item-548\"><a href=\"https:\/\/immofinance.pl\/index.php\/rozwodowy\/\" class=\"elementor-item\" tabindex=\"-1\">Kredyt rozwodowy<\/a><\/li>\n<li class=\"menu-item menu-item-type-post_type menu-item-object-page menu-item-547\"><a href=\"https:\/\/immofinance.pl\/index.php\/hipoteczny\/\" class=\"elementor-item\" tabindex=\"-1\">Po\u017cyczka hipoteczna<\/a><\/li>\n<li class=\"menu-item menu-item-type-post_type menu-item-object-page menu-item-546\"><a href=\"https:\/\/immofinance.pl\/index.php\/konsolidacyjny\/\" class=\"elementor-item\" tabindex=\"-1\">Kredyt konsolidacyjny<\/a><\/li>\n<li class=\"menu-item menu-item-type-post_type menu-item-object-page menu-item-545\"><a href=\"https:\/\/immofinance.pl\/index.php\/gotowkowy\/\" class=\"elementor-item\" tabindex=\"-1\">Kredyt got\u00f3wkowy<\/a><\/li>\n<li class=\"menu-item menu-item-type-post_type menu-item-object-page menu-item-544\"><a href=\"https:\/\/immofinance.pl\/index.php\/uzytkowe\/\" class=\"elementor-item\" tabindex=\"-1\">Lokale u\u017cytkowe<\/a><\/li>\n<li class=\"menu-item menu-item-type-post_type menu-item-object-page menu-item-543\"><a href=\"https:\/\/immofinance.pl\/index.php\/ubezpieczenia\/\" class=\"elementor-item\" tabindex=\"-1\">Ubezpieczenia<\/a><\/li>\n<\/ul>\t\t\t<\/nav>\n\t\t\t\t\t\t<\/div>\n\t\t\t\t<\/div>\n\t\t\t\t<\/div>\n\t\t<div class=\"elementor-element elementor-element-3d158476 e-flex e-con-boxed e-con e-parent\" data-id=\"3d158476\" data-element_type=\"container\" data-e-type=\"container\">\n\t\t\t\t\t<div class=\"e-con-inner\">\n\t\t<div class=\"elementor-element elementor-element-7280060 e-flex e-con-boxed e-con e-child\" data-id=\"7280060\" data-element_type=\"container\" data-e-type=\"container\">\n\t\t\t\t\t<div class=\"e-con-inner\">\n\t\t\t\t<div class=\"elementor-element elementor-element-526731cc elementor-widget elementor-widget-heading\" data-id=\"526731cc\" data-element_type=\"widget\" data-e-type=\"widget\" data-widget_type=\"heading.default\">\n\t\t\t\t<div class=\"elementor-widget-container\">\n\t\t\t\t\t<h2 class=\"elementor-heading-title elementor-size-default\">Kredyt Konsolidacyjny<\/h2>\t\t\t\t<\/div>\n\t\t\t\t<\/div>\n\t\t\t\t<div class=\"elementor-element elementor-element-20213513 elementor-widget elementor-widget-text-editor\" data-id=\"20213513\" data-element_type=\"widget\" data-e-type=\"widget\" data-widget_type=\"text-editor.default\">\n\t\t\t\t<div class=\"elementor-widget-container\">\n\t\t\t\t\t\t\t\t\t<p><strong>Sko\u0144cz z drogimi kredytami.<\/strong><\/p><p>Masz ju\u017c kilka kredyt\u00f3w. Sp\u0142acasz raty za ubieg\u0142oroczne wakacje, samoch\u00f3d, pralk\u0119 i lod\u00f3wk\u0119. Stanowi\u0105 one spore obci\u0105\u017cenie Twojego bud\u017cetu i staj\u0105 si\u0119 coraz bardziej uci\u0105\u017cliwe.<\/p><p><strong>Wykorzystaj moc swojej hipoteki!<\/strong><\/p><p>Sp\u0142a\u0107 wszystkie kredyty jednym i p\u0142a\u0107 ni\u017csz\u0105 rat\u0119. Zaoszcz\u0119dzisz pieni\u0105dze i zyskasz wygod\u0119. Przekonaj si\u0119, i\u017c pod ka\u017cdym wzgl\u0119dem jest to bardzo korzystne rozwi\u0105zanie.<\/p>\t\t\t\t\t\t\t\t<\/div>\n\t\t\t\t<\/div>\n\t\t\t\t<div class=\"elementor-element elementor-element-19df3800 elementor-mobile-align-center elementor-widget elementor-widget-button\" data-id=\"19df3800\" data-element_type=\"widget\" data-e-type=\"widget\" data-widget_type=\"button.default\">\n\t\t\t\t<div class=\"elementor-widget-container\">\n\t\t\t\t\t\t\t\t\t<div class=\"elementor-button-wrapper\">\n\t\t\t\t\t<a class=\"elementor-button elementor-button-link elementor-size-sm\" href=\"\/#kontakt\">\n\t\t\t\t\t\t<span class=\"elementor-button-content-wrapper\">\n\t\t\t\t\t\t\t\t\t<span class=\"elementor-button-text\">Pomoc ekspert\u00f3w<\/span>\n\t\t\t\t\t<\/span>\n\t\t\t\t\t<\/a>\n\t\t\t\t<\/div>\n\t\t\t\t\t\t\t\t<\/div>\n\t\t\t\t<\/div>\n\t\t\t\t\t<\/div>\n\t\t\t\t<\/div>\n\t\t<div class=\"elementor-element elementor-element-1ac8899f e-flex e-con-boxed e-con e-child\" data-id=\"1ac8899f\" data-element_type=\"container\" data-e-type=\"container\">\n\t\t\t\t\t<div class=\"e-con-inner\">\n\t\t\t\t<div class=\"elementor-element elementor-element-f0d675c elementor-widget elementor-widget-image\" data-id=\"f0d675c\" data-element_type=\"widget\" data-e-type=\"widget\" data-widget_type=\"image.default\">\n\t\t\t\t<div class=\"elementor-widget-container\">\n\t\t\t\t\t\t\t\t\t\t\t\t\t\t\t<img fetchpriority=\"high\" decoding=\"async\" width=\"800\" height=\"600\" src=\"https:\/\/immofinance.pl\/wp-content\/uploads\/2024\/04\/woman-working-with-finances-table-laptop-smartphone-money-notepad-2048x1152-1-e1712909559245-1024x768.jpg\" class=\"attachment-large size-large wp-image-290\" alt=\"\" srcset=\"https:\/\/immofinance.pl\/wp-content\/uploads\/2024\/04\/woman-working-with-finances-table-laptop-smartphone-money-notepad-2048x1152-1-e1712909559245-1024x768.jpg 1024w, https:\/\/immofinance.pl\/wp-content\/uploads\/2024\/04\/woman-working-with-finances-table-laptop-smartphone-money-notepad-2048x1152-1-e1712909559245-300x225.jpg 300w, https:\/\/immofinance.pl\/wp-content\/uploads\/2024\/04\/woman-working-with-finances-table-laptop-smartphone-money-notepad-2048x1152-1-e1712909559245-768x576.jpg 768w, https:\/\/immofinance.pl\/wp-content\/uploads\/2024\/04\/elementor\/thumbs\/woman-working-with-finances-table-laptop-smartphone-money-notepad-2048x1152-1-e1712909559245-qmlcycombjxxl94xtjyk43rbzwd30rk7i6gqpthtbs.jpg 400w, https:\/\/immofinance.pl\/wp-content\/uploads\/2024\/04\/woman-working-with-finances-table-laptop-smartphone-money-notepad-2048x1152-1-e1712909559245.jpg 1536w\" sizes=\"(max-width: 800px) 100vw, 800px\" \/>\t\t\t\t\t\t\t\t\t\t\t\t\t\t\t<\/div>\n\t\t\t\t<\/div>\n\t\t\t\t\t<\/div>\n\t\t\t\t<\/div>\n\t\t\t\t\t<\/div>\n\t\t\t\t<\/div>\n\t\t\t\t<\/div>\n\t\t","protected":false},"excerpt":{"rendered":"<p>Kredyt Konsolidacyjny Sko\u0144cz z drogimi kredytami. Masz ju\u017c kilka kredyt\u00f3w. Sp\u0142acasz raty za ubieg\u0142oroczne wakacje, samoch\u00f3d, pralk\u0119 i lod\u00f3wk\u0119. Stanowi\u0105 one spore obci\u0105\u017cenie Twojego bud\u017cetu i staj\u0105 si\u0119 coraz bardziej uci\u0105\u017cliwe. Wykorzystaj moc swojej hipoteki! Sp\u0142a\u0107 wszystkie kredyty jednym i p\u0142a\u0107 ni\u017csz\u0105 rat\u0119. Zaoszcz\u0119dzisz pieni\u0105dze i zyskasz wygod\u0119. Przekonaj si\u0119, i\u017c pod ka\u017cdym wzgl\u0119dem jest [&hellip;]<\/p>\n","protected":false},"author":1,"featured_media":0,"parent":0,"menu_order":0,"comment_status":"closed","ping_status":"closed","template":"","meta":{"footnotes":""},"class_list":["post-513","page","type-page","status-publish","hentry"],"_links":{"self":[{"href":"https:\/\/immofinance.pl\/index.php\/wp-json\/wp\/v2\/pages\/513"}],"collection":[{"href":"https:\/\/immofinance.pl\/index.php\/wp-json\/wp\/v2\/pages"}],"about":[{"href":"https:\/\/immofinance.pl\/index.php\/wp-json\/wp\/v2\/types\/page"}],"author":[{"embeddable":true,"href":"https:\/\/immofinance.pl\/index.php\/wp-json\/wp\/v2\/users\/1"}],"replies":[{"embeddable":true,"href":"https:\/\/immofinance.pl\/index.php\/wp-json\/wp\/v2\/comments?post=513"}],"version-history":[{"count":19,"href":"https:\/\/immofinance.pl\/index.php\/wp-json\/wp\/v2\/pages\/513\/revisions"}],"predecessor-version":[{"id":762,"href":"https:\/\/immofinance.pl\/index.php\/wp-json\/wp\/v2\/pages\/513\/revisions\/762"}],"wp:attachment":[{"href":"https:\/\/immofinance.pl\/index.php\/wp-json\/wp\/v2\/media?parent=513"}],"curies":[{"name":"wp","href":"https:\/\/api.w.org\/{rel}","templated":true}]}}